{"id":596,"date":"2022-07-27T20:38:36","date_gmt":"2022-07-27T18:38:36","guid":{"rendered":"http:\/\/ifeelwood.volcanicvalley.com\/rueckerstattungs-und-rueckgaberecht-2\/"},"modified":"2022-08-03T21:51:00","modified_gmt":"2022-08-03T19:51:00","slug":"rueckerstattungs-und-rueckgaberecht-2","status":"publish","type":"page","link":"http:\/\/ifeelwood.org\/de\/rueckerstattungs-und-rueckgaberecht-2\/","title":{"rendered":"Einkaufsbedingungen"},"content":{"rendered":"\n<h3>INHABER UND ALLGEMEINE VERTRAGSBEDINGUNGEN<\/h3>\n\n<p>Zweck dieser Allgemeinen Vertragsbedingungen \u2013 im Folgenden AVB \u2013 ist die Regelung der Nutzung der elektronischen Verkaufsdienstleistungen f\u00fcr die verschiedenen Waren und Dienstleistungen, die auf der Website www.ifeelwood.org (im Folgenden die Website oder das Portal) angeboten werden, welche im Besitz von ILUTRARE S.L. mit NIF B67259804 und mit Sitz C\/ Costabona, n\u00ba14, 08033, Barcelona (im Folgenden: I feel wood Original Things) ist.<\/p>\n\n<p>Diese Allgemeinen Vertragsbedingungen, zusammen mit allen besonderen Bedingungen, die festgelegt werden k\u00f6nnen, regeln ausdr\u00fccklich die Beziehungen zwischen I feel wood Original Things und Dritten (im Folgenden Nutzer), die die Erbringung von Dienstleistungen oder Produkten, die \u00fcber das Portal angeboten werden, unter Vertrag nehmen. Die Lekt\u00fcre und Akzeptanz der AVB ist eine wesentliche Voraussetzung, damit ein&#13;\nProdukt \u00fcber www.ifeelwood.org gekauft werden kann.<\/p>\n\n<p>I feel Wood Originals Things beh\u00e4lt sich das Recht vor, die AVB jederzeit und ohne Vorank\u00fcndigung zu \u00e4ndern. Die AVB sind jederzeit \u00fcber die Website zug\u00e4nglich, so dass der Nutzer sie jederzeit einsehen oder ausdrucken kann.<\/p>\n\n<p>Diese Allgemeinen Bedingungen wurden in \u00dcbereinstimmung mit den Bestimmungen des Gesetzes 34\/2002 \u00fcber Informationsdienste und elektronischen Gesch\u00e4ftsverkehr, des Gesetzes 7\/1998 \u00fcber die Allgemeinen Vertragsbedingungen des K\u00f6niglichen Gesetzesdekrets 1\/2007 vom 16. November zur Genehmigung des \u00fcberarbeiteten Textes des Allgemeinen Gesetzes zum Schutz der Verbraucher und Nutzer und anderer erg\u00e4nzender Gesetze des Gesetzes 7\/1996 \u00fcber die Einzelhandelsordnung und anderer anwendbarer Rechtsvorschriften erstellt.<\/p>\n\n<p>Die Preise und Verkaufsbedingungen sind lediglich informativ und k\u00f6nnen aufgrund von Marktschwankungen, Konstruktionsschwankungen oder preisver\u00e4ndernden Faktoren (Maschinenstart bei kleinen St\u00fcckzahlen, Design usw.) ge\u00e4ndert werden. Die Bestellung durch Ausf\u00fcllen des Bestellformulars setzt jedoch die \u00dcbereinstimmung mit dem<\/p>\n\n<p>angebotenen Preis und den zu diesem Zeitpunkt g\u00fcltigen Allgemeinen Verkaufsbedingungen voraus. Sobald die Bestellung formalisiert ist, versteht es sich, dass der Kauf eigenst\u00e4ndig abgeschlossen wurde, mit allen rechtlichen Garantien, die den erwerbenden Verbraucher sch\u00fctzen, und von diesem Zeitpunkt an haben die Preise und Bedingungen einen vertraglichen Charakter und k\u00f6nnen ohne die ausdr\u00fcckliche Zustimmung beider Vertragsparteien nicht ge\u00e4ndert werden. Spanisch ist die Sprache, die f\u00fcr die Vertragsgestaltung verwendet wird. Das elektronische Dokument, in dem der Vertrag formalisiert ist, wird archiviert und der Nutzer hat in seinem Kundenbereich Zugriff darauf.<\/p>\n\n<h3>VERSAND<\/h3>\n\n<ul><li>Die Lieferzeiten liegen zwischen 24 und 72 Stunden, nach Wahl des Kunden, immer abh\u00e4ngig von der Auslastung der Werkstatt. Wir k\u00f6nnen diese Lieferzeiten nicht garantieren, obwohl wir versuchen, sicherzustellen, dass die Transportunternehmen sie nach M\u00f6glichkeit einhalten. In St\u00e4dten auf dem Land, fernab von Ballungszentren, ist es nicht m\u00f6glich, die Lieferung innerhalb von 24 Stunden zu garantieren.<\/li><li>Die Lieferzeiten h\u00e4ngen von der Verf\u00fcgbarkeit der einzelnen Produkte und der Arbeitsauslastung der Werkstatt ab. Bei Bestellungen, die mehrere Artikel umfassen, wird eine einzige Lieferung durchgef\u00fchrt und die Lieferzeit entspricht dem Artikel, dessen Lieferzeit gr\u00f6\u00dfer ist.<\/li><li>Der Kunde hat 72 Stunden Zeit, um die Integrit\u00e4t aller Komponenten der Bestellung zu \u00fcberpr\u00fcfen und zu \u00fcberpr\u00fcfen, ob die Lieferung komplett ist. Nach diesen 72 Stunden gilt die Sendung als angenommen und es werden keine Reklamationen f\u00fcr Sch\u00e4den oder Fehler in der Sendung akzeptiert. <\/li><li>Eine Bestellung gilt als geliefert, wenn der Lieferschein vom Kunden unterschrieben ist. In den ersten 24 Stunden nach Erhalt muss der Kunde die Produkte \u00fcberpr\u00fcfen und alle eventuell vorhandenen Einw\u00e4nde aufdecken.<\/li><li>Im Falle des Erhalts eines durch den Transport besch\u00e4digten Produkts ist es ratsam, sich innerhalb der ersten 24 Stunden mit uns in Verbindung zu setzen, um den Vorfall bei der Transportfirma geltend machen zu k\u00f6nnen.<\/li><\/ul>\n<h3>R\u00dcCKGABEN<\/h3>\n\n<p>Gem\u00e4\u00df der geltenden Gesetzgebung k\u00f6nnen Produkte, aus welchem Grund auch immer, innerhalb von 14 Kalendertagen nach Erhalt der Ware durch den Kunden zur\u00fcckgegeben werden. Dazu m\u00fcssen die auf dieser Bedingungen-Seite aufgef\u00fchrten Bedingungen erf\u00fcllt sein. Diese R\u00fcckerstattung muss per E-Mail an devoluciones@ifeelwood.org. erfolgen. Verbraucher und Nutzer sind nur f\u00fcr die Wertminderung der Waren verantwortlich, die sich nicht aus einer Manipulation derselben ergibt, die zur Feststellung ihrer Art, ihrer Eigenschaften oder ihres Funktionierens erforderlich ist.<\/p>\n\n<h3>R\u00dcCKNAHMEBEDINGUNGEN F\u00dcR PRIVATKUNDEN<\/h3>\n\n<ul><li>ie R\u00fcckgabe der folgenden Produkte wird nicht akzeptiert, wie durch das K\u00f6nigliche Gesetzesdekret 1\/2007 vom 16. November zur Genehmigung des \u00fcberarbeiteten Textes des Allgemeinen Gesetzes zum Schutz von Verbrauchern und Nutzern und anderer erg\u00e4nzender Gesetze festgelegt wird:<ol><li>die Erbringung von Dienstleistungen, sobald die Dienstleistung vollst\u00e4ndig erbracht ist, wenn die Ausf\u00fchrung begonnen hat, mit der vorherigen ausdr\u00fccklichen Zustimmung des Verbrauchers und des Nutzers und mit der Best\u00e4tigung seinerseits, dass ihm bekannt ist, dass er nach der vollst\u00e4ndigen Ausf\u00fchrung des Vertrages durch den Unternehmer sein Widerrufsrecht verloren hat;<\/li><li>die Lieferung von Waren oder Dienstleistungen, deren Preis von Schwankungen auf dem Finanzmarkt abh\u00e4ngt, die der Unternehmer nicht kontrollieren kann und die w\u00e4hrend der Widerrufsfrist auftreten k\u00f6nnen;<\/li><li>die Lieferung von Waren, die nach den Vorgaben des Verbrauchers und des Benutzers angefertigt oder eindeutig personalisiert werden, wie z.B. Schnitzereien aus Holz;<\/li><li>die Lieferung von Waren, die verderben oder schnell verfallen;<\/li><li>die Lieferung von versiegelten Waren, die aus Gr\u00fcnden des Gesundheitsschutzes oder der Hygiene nicht f\u00fcr die R\u00fccksendung geeignet sind und die nach der Lieferung entsiegelt wurden;<\/li><li>die Lieferung von Waren, die nach ihrer Lieferung und aufgrund ihrer Beschaffenheit untrennbar mit anderen Waren vermischt wurden;<\/li><\/ol><\/li><\/ul>\n<ul><li>Alle Waren m\u00fcssen in ihrer Originalverpackung und ihrem Originalzustand, in einwandfreiem Zustand und gesch\u00fctzt zur\u00fcckgegeben werden, wobei Aufkleber, Siegel oder Klebeb\u00e4nder direkt auf der Oberfl\u00e4che oder Verpackung des Artikels zu vermeiden sind. Andernfalls beh\u00e4lt sich I feel wood Original Things das Recht vor, die R\u00fcckgabe abzulehnen.<\/li><li>Sobald wir die Mitteilung erhalten haben, dass Sie Ihr R\u00fcckgaberecht aus\u00fcben m\u00f6chten, erhalten Sie per E-Mail die Anweisungen, um die erhaltene Ware an unsere Einrichtungen senden zu k\u00f6nnen. Sie m\u00fcssen die Ware unverz\u00fcglich, innerhalb von 14 Tagen nach Mitteilung Ihres Wunsches, Ihr Recht auszu\u00fcben, versenden. Sie tragen die Transportkosten, die durch die R\u00fccksendung entstehen.<\/li><li>Sie k\u00f6nnen frei w\u00e4hlen und nach der Agentur suchen, die am besten zu Ihren Bed\u00fcrfnissen passt oder&#13;\nIhnen die g\u00fcnstigsten Preise bietet.<\/li><li>Sobald die Ware eingegangen ist und der einwandfreie Zustand \u00fcberpr\u00fcft wurde, wird die R\u00fcckerstattung des Betrages bearbeitet. Wir erstatten Ihnen die erhaltene Zahlung, einschlie\u00dflich der Versandkosten, mit Ausnahme der Mehrkosten, die sich aus der Wahl einer anderen Versandart als der von uns angebotenen g\u00fcnstigsten Versandart ergeben. Wir werden die Zahlung innerhalb eines Zeitraums von maximal 30 Kalendertagen nach Aus\u00fcbung Ihres Widerrufsrechts vornehmen. Bis zum Erhalt der Ware k\u00f6nnen wir die R\u00fcckerstattung einbehalten. <\/li><li>R\u00fcckgabe von Produkten mit Geschenk oder Promotion. Die vollst\u00e4ndige R\u00fcckerstattung (komplettes Paket oder Artikel + Geschenk) ist unabdinglich, um die R\u00fcckerstattung durchzuf\u00fchren.<\/li><\/ul>\n<h3>STORNIERUNGEN VON AUFTR\u00c4GEN UND REKLAMATIONEN<\/h3>\n\n<p>Stornierungen von Auftr\u00e4gen, die eine R\u00fcckerstattung an den Kunden implizieren und per Bank\u00fcberweisung erfolgen, haben eine maximale Frist von 30 Tagen f\u00fcr die administrative Bearbeitung, obwohl wir versuchen, eine Frist von 7 Tagen nicht zu \u00fcberschreiten.<\/p>\n\n<p>Ebenso ist jede Reklamation bez\u00fcglich der erworbenen Ware an devoluciones@ifeelwood.org zu richten. <a href=\"mailto:devoluciones@ifeelwood.org\">devoluciones@ifeelwood.org<\/a><\/p>\n\n<h3>KONTAKT<\/h3>\n\n<p><a href=\"http:\/\/www.ifellwood.org\/\">www.ifeelwood.org<\/a><\/p>\n\n<p><em>I feel wood Original Things<\/em><\/p>\n\n<p>C\/ Costabona, n\u00ba14, 4\u00ba-1\u00aa,<\/p>\n\n<p>08033, Barcelona<\/p>\n\n<p><a href=\"mailto:devoluciones@ifeelwood.org\">devoluciones@ifeelwood.org<\/a><\/p>\n","protected":false},"excerpt":{"rendered":"<p>INHABER UND ALLGEMEINE VERTRAGSBEDINGUNGEN Zweck dieser Allgemeinen Vertragsbedingungen \u2013 im Folgenden AVB \u2013 ist die [&hellip;]<\/p>\n","protected":false},"author":2,"featured_media":0,"parent":0,"menu_order":0,"comment_status":"closed","ping_status":"closed","template":"","meta":[],"page_template":[66],"acf":[],"yoast_head":"<!-- This site is optimized with the Yoast SEO plugin v19.7.1 - https:\/\/yoast.com\/wordpress\/plugins\/seo\/ -->\n<title>Einkaufsbedingungen - I feel wood<\/title>\n<meta name=\"robots\" content=\"index, follow, max-snippet:-1, max-image-preview:large, max-video-preview:-1\" \/>\n<link rel=\"canonical\" href=\"http:\/\/ifeelwood.org\/de\/rueckerstattungs-und-rueckgaberecht-2\/\" \/>\n<meta property=\"og:locale\" content=\"de_DE\" \/>\n<meta property=\"og:type\" content=\"article\" \/>\n<meta property=\"og:title\" content=\"Einkaufsbedingungen - I feel wood\" \/>\n<meta property=\"og:description\" content=\"INHABER UND ALLGEMEINE VERTRAGSBEDINGUNGEN Zweck dieser Allgemeinen Vertragsbedingungen \u2013 im Folgenden AVB \u2013 ist die [&hellip;]\" \/>\n<meta property=\"og:url\" content=\"http:\/\/ifeelwood.org\/de\/rueckerstattungs-und-rueckgaberecht-2\/\" \/>\n<meta property=\"og:site_name\" content=\"I feel wood\" \/>\n<meta property=\"article:modified_time\" content=\"2022-08-03T19:51:00+00:00\" \/>\n<meta name=\"twitter:card\" content=\"summary_large_image\" \/>\n<meta name=\"twitter:label1\" content=\"Gesch\u00e4tzte Lesezeit\" \/>\n\t<meta name=\"twitter:data1\" content=\"6 Minuten\" \/>\n<script type=\"application\/ld+json\" class=\"yoast-schema-graph\">{\"@context\":\"https:\/\/schema.org\",\"@graph\":[{\"@type\":\"WebPage\",\"@id\":\"http:\/\/ifeelwood.org\/de\/rueckerstattungs-und-rueckgaberecht-2\/\",\"url\":\"http:\/\/ifeelwood.org\/de\/rueckerstattungs-und-rueckgaberecht-2\/\",\"name\":\"Einkaufsbedingungen - I feel wood\",\"isPartOf\":{\"@id\":\"https:\/\/ifeelwood.org\/fr\/#website\"},\"datePublished\":\"2022-07-27T18:38:36+00:00\",\"dateModified\":\"2022-08-03T19:51:00+00:00\",\"breadcrumb\":{\"@id\":\"http:\/\/ifeelwood.org\/de\/rueckerstattungs-und-rueckgaberecht-2\/#breadcrumb\"},\"inLanguage\":\"de-DE\",\"potentialAction\":[{\"@type\":\"ReadAction\",\"target\":[\"http:\/\/ifeelwood.org\/de\/rueckerstattungs-und-rueckgaberecht-2\/\"]}]},{\"@type\":\"BreadcrumbList\",\"@id\":\"http:\/\/ifeelwood.org\/de\/rueckerstattungs-und-rueckgaberecht-2\/#breadcrumb\",\"itemListElement\":[{\"@type\":\"ListItem\",\"position\":1,\"name\":\"Inici\",\"item\":\"https:\/\/ifeelwood.org\/de\/\"},{\"@type\":\"ListItem\",\"position\":2,\"name\":\"Einkaufsbedingungen\"}]},{\"@type\":\"WebSite\",\"@id\":\"https:\/\/ifeelwood.org\/fr\/#website\",\"url\":\"https:\/\/ifeelwood.org\/fr\/\",\"name\":\"I feel wood\",\"description\":\"Original things\",\"potentialAction\":[{\"@type\":\"SearchAction\",\"target\":{\"@type\":\"EntryPoint\",\"urlTemplate\":\"https:\/\/ifeelwood.org\/fr\/?s={search_term_string}\"},\"query-input\":\"required name=search_term_string\"}],\"inLanguage\":\"de-DE\"}]}<\/script>\n<!-- \/ Yoast SEO plugin. -->","yoast_head_json":{"title":"Einkaufsbedingungen - I feel wood","robots":{"index":"index","follow":"follow","max-snippet":"max-snippet:-1","max-image-preview":"max-image-preview:large","max-video-preview":"max-video-preview:-1"},"canonical":"http:\/\/ifeelwood.org\/de\/rueckerstattungs-und-rueckgaberecht-2\/","og_locale":"de_DE","og_type":"article","og_title":"Einkaufsbedingungen - I feel wood","og_description":"INHABER UND ALLGEMEINE VERTRAGSBEDINGUNGEN Zweck dieser Allgemeinen Vertragsbedingungen \u2013 im Folgenden AVB \u2013 ist die [&hellip;]","og_url":"http:\/\/ifeelwood.org\/de\/rueckerstattungs-und-rueckgaberecht-2\/","og_site_name":"I feel wood","article_modified_time":"2022-08-03T19:51:00+00:00","twitter_card":"summary_large_image","twitter_misc":{"Gesch\u00e4tzte Lesezeit":"6 Minuten"},"schema":{"@context":"https:\/\/schema.org","@graph":[{"@type":"WebPage","@id":"http:\/\/ifeelwood.org\/de\/rueckerstattungs-und-rueckgaberecht-2\/","url":"http:\/\/ifeelwood.org\/de\/rueckerstattungs-und-rueckgaberecht-2\/","name":"Einkaufsbedingungen - I feel wood","isPartOf":{"@id":"https:\/\/ifeelwood.org\/fr\/#website"},"datePublished":"2022-07-27T18:38:36+00:00","dateModified":"2022-08-03T19:51:00+00:00","breadcrumb":{"@id":"http:\/\/ifeelwood.org\/de\/rueckerstattungs-und-rueckgaberecht-2\/#breadcrumb"},"inLanguage":"de-DE","potentialAction":[{"@type":"ReadAction","target":["http:\/\/ifeelwood.org\/de\/rueckerstattungs-und-rueckgaberecht-2\/"]}]},{"@type":"BreadcrumbList","@id":"http:\/\/ifeelwood.org\/de\/rueckerstattungs-und-rueckgaberecht-2\/#breadcrumb","itemListElement":[{"@type":"ListItem","position":1,"name":"Inici","item":"https:\/\/ifeelwood.org\/de\/"},{"@type":"ListItem","position":2,"name":"Einkaufsbedingungen"}]},{"@type":"WebSite","@id":"https:\/\/ifeelwood.org\/fr\/#website","url":"https:\/\/ifeelwood.org\/fr\/","name":"I feel wood","description":"Original things","potentialAction":[{"@type":"SearchAction","target":{"@type":"EntryPoint","urlTemplate":"https:\/\/ifeelwood.org\/fr\/?s={search_term_string}"},"query-input":"required name=search_term_string"}],"inLanguage":"de-DE"}]}},"_links":{"self":[{"href":"http:\/\/ifeelwood.org\/de\/wp-json\/wp\/v2\/pages\/596"}],"collection":[{"href":"http:\/\/ifeelwood.org\/de\/wp-json\/wp\/v2\/pages"}],"about":[{"href":"http:\/\/ifeelwood.org\/de\/wp-json\/wp\/v2\/types\/page"}],"author":[{"embeddable":true,"href":"http:\/\/ifeelwood.org\/de\/wp-json\/wp\/v2\/users\/2"}],"replies":[{"embeddable":true,"href":"http:\/\/ifeelwood.org\/de\/wp-json\/wp\/v2\/comments?post=596"}],"version-history":[{"count":3,"href":"http:\/\/ifeelwood.org\/de\/wp-json\/wp\/v2\/pages\/596\/revisions"}],"predecessor-version":[{"id":801,"href":"http:\/\/ifeelwood.org\/de\/wp-json\/wp\/v2\/pages\/596\/revisions\/801"}],"wp:attachment":[{"href":"http:\/\/ifeelwood.org\/de\/wp-json\/wp\/v2\/media?parent=596"}],"wp:term":[{"taxonomy":"page_template","embeddable":true,"href":"http:\/\/ifeelwood.org\/de\/wp-json\/wp\/v2\/page_template?post=596"}],"curies":[{"name":"wp","href":"https:\/\/api.w.org\/{rel}","templated":true}]}}