{"id":835,"date":"2022-08-04T19:55:09","date_gmt":"2022-08-04T17:55:09","guid":{"rendered":"http:\/\/ifeelwood.volcanicvalley.com\/datenschutzbestimmungen\/"},"modified":"2022-08-04T20:05:51","modified_gmt":"2022-08-04T18:05:51","slug":"datenschutzbestimmungen","status":"publish","type":"page","link":"http:\/\/ifeelwood.org\/de\/datenschutzbestimmungen\/","title":{"rendered":"Datenschutzbestimmungen"},"content":{"rendered":"\n<p>Der Besuch dieser Website bedeutet nicht, dass der Nutzer zur Angabe von Informationen verpflichtet ist. F\u00fcr den Fall, dass der Nutzer personenbezogene Daten zur Verf\u00fcgung stellt, werden die auf dieser Website gesammelten Daten jederzeit fair\r\n\r\nund rechtm\u00e4\u00dfig behandelt, gem\u00e4\u00df der Grunds\u00e4tze und Rechte, die im Gesetz 15\/1999 vom 13. Dezember \u00fcber den Schutz personenbezogener Daten (LOPD) und anderen Durchf\u00fchrungsbestimmungen enthalten sind.<\/p>\n\n\n\n<h3>INFORMATIONEN F\u00dcR DIE BENUTZER<\/h3>\n\n\n\n<p>Bitte beachten Sie, dass in \u00dcbereinstimmung mit geltendem Recht alle personenbezogenen Daten, die Sie uns zur Verf\u00fcgung stellen, erfasst und \u00fcber eine Datei im Besitz von ILUTRARE S.L. verarbeitet werden (nachstehend I feel wood Original\r\nThings).<\/p>\n\n\n\n<p>Der Zweck dieser Datei ist es, das Vertragsverh\u00e4ltnis mit unseren Kunden aufrechtzuerhalten, die Bearbeitung von Bestellungen, statistische Studien sowie den Versand von Werbung f\u00fcr Produkte und Dienstleistungen von der Firma I feel wood\r\nOriginal Things zu erleichtern.<\/p>\n\n\n\n<p>Wenn Sie diese Art von Werbung nicht erhalten m\u00f6chten, m\u00fcssen Sie das K\u00e4stchen auf\r\ndem Formular ankreuzen.<\/p>\n\n\n\n<p>Im Rahmen des Kaufs k\u00f6nnen Ihre Daten an folgende Adressaten weitergegeben werden:<\/p>\n\n\n\n<ul><li>Banken f\u00fcr die Zahlung von Eink\u00e4ufen per Kreditkarte;<\/li><li>im Falle einer Beschwerde an das B\u00fcro der Konsumenten und Nutzer;<\/li><li>an Hersteller, technische Dienstleister und\/oder Gro\u00dfh\u00e4ndler im Falle von Garantien oder Reparaturen. An Transportunternehmen, denen der Versand an Kunden der entsprechenden Auftr\u00e4ge anvertraut wurde. Diese k\u00f6nnen sich sowohl innerhalb als auch au\u00dferhalb des spanischen Territoriums befinden, je nachdem, welches Produkt und\/oder welche Dienstleistung gekauft wurden;<\/li><li>in gesetzlich festgelegten F\u00e4llen den staatlichen Sicherheitskr\u00e4ften.<\/li><\/ul>\n\n\n\n<h3>DATENGEHEIMNIS UND -SICHERHEIT<\/h3>\n\n\n\n<p>Es wird informiert, dass die erforderlichen technischen und organisatorischen Sicherheitsma\u00dfnahmen getroffen wurden, um die Sicherheit und Integrit\u00e4t der Daten zu gew\u00e4hrleisten und deren Verlust, unbefugte Verarbeitung oder Zugriff gem\u00e4\u00df den geltenden Datenschutzgesetzen zu verhindern. I feel Wood Original Things kann die absolute Absicherung des Internet-Netzwerks und damit die Unm\u00f6glichkeit der Verletzung von Daten durch betr\u00fcgerischen Zugriff Dritter nicht garantieren.<\/p>\n\n\n\n<p> Die Nutzer werden darauf hingewiesen, dass wir nur die f\u00fcr die Erbringung des gew\u00fcnschten Dienstes erforderlichen Daten abfragen und diese nur zu diesem Zweck verwenden.<\/p>\n\n\n\n<h3>INHALT<\/h3>\n\n\n\n<p>Mit dem Absenden der Formulare erkl\u00e4rt sich der Nutzer ausdr\u00fccklich damit einverstanden, dass die Daten entsprechend den oben genannten Zwecken verarbeitet werden. I feel wood Original Things gibt die Daten nicht an Dritte weiter, es sei denn, es handelt sich um F\u00e4lle, die gesetzlich festgelegt oder von der interessierten Partei genehmigt wurden. I feel Wood Original Things informiert die betroffenen Personen \u00fcber ihre Absicht, ihnen kommerzielle Mitteilungen per E-Mail oder andere gleichwertige elektronische Kommunikationsmittel zu senden. Ebenso erkl\u00e4ren die Eigent\u00fcmer, dass sie sich dieser Absicht bewusst sind und geben ihre ausdr\u00fcckliche Zustimmung zum Empfang der oben genannten Mitteilungen. Die hier erteilte Einwilligung des Eigent\u00fcmers zur \u00dcbermittlung von Daten an Dritte ist jederzeit und ohne R\u00fcckwirkung widerruflich.<\/p>\n\n\n\n<h3>NUTZERRECHTE<\/h3>\n\n\n\n<p>Interessierte Parteien k\u00f6nnen ihre Rechte auf Zugang, Berichtigung, L\u00f6schung und Widerspruch bez\u00fcglich ihrer personenbezogenen Daten aus\u00fcben, indem sie sich schriftlich und mit Beif\u00fcgung einer Fotokopie ihres Personalausweises an die Adresse C\/ Costabona, n\u00ba14, 4\u00ba-1\u00aa, 08033, Barcelona oder an die E-Mail lopd@ifeelwood.org. wenden.<\/p>\n\n\n\n<h3>DATENQUALIT\u00c4T<\/h3>\n\n\n\n<p>Die Nutzer m\u00fcssen die Wahrhaftigkeit, Genauigkeit, Authentizit\u00e4t und G\u00fcltigkeit der angegebenen personenbezogenen Daten garantieren.<\/p>\n\n\n\n<p>Schutz von Minderj\u00e4hrigen Wir sammeln keine personenbezogenen Daten von Minderj\u00e4hrigen. <\/p>\n\n\n\n<p>Es liegt in der Verantwortung der Erziehungsberechtigten, die Privatsph\u00e4re von Minderj\u00e4hrigen zu sch\u00fctzen und alles zu tun, um sicherzustellen, dass sie die Erhebung und Verwendung der personenbezogenen Daten des Kindes genehmigt haben.<\/p>\n\n\n\n<h3>AKTUALISIERUNGEN<\/h3>\n\n\n\n<p>Diese Datenschutzerkl\u00e4rung kann jederzeit an die spezifischen Bed\u00fcrfnisse der Website, ihrer Inhalte, internen Richtlinien und \u00c4nderungen der Gesetzgebung zum Datenschutz angepasst werden. I feel wood Original Things und ihr Verantwortlicher und Eigent\u00fcmer beh\u00e4lt sich das ausschlie\u00dfliche Recht vor, dies zu tun.<\/p>\n\n\n\n<h3>KONTAKT<\/h3>\n\n\n\n<p><a href=\"http:\/\/www.ifellwood.org\/\">www.ifeelwood.org<\/a><\/p>\n\n\n\n<p><em>I feel wood Original Things<\/em><\/p>\n\n\n\n<p>C\/ Costabona, n\u00ba14, 4\u00ba-1\u00aa,<\/p>\n\n\n\n<p>08033, Barcelona<\/p>\n\n\n\n<p><a href=\"mailto:lopd@ifeelwood.org\">lopd@ifeelwood.org<\/a><\/p>\n","protected":false},"excerpt":{"rendered":"<p>Der Besuch dieser Website bedeutet nicht, dass der Nutzer zur Angabe von Informationen verpflichtet ist. [&hellip;]<\/p>\n","protected":false},"author":2,"featured_media":0,"parent":0,"menu_order":0,"comment_status":"closed","ping_status":"closed","template":"","meta":[],"page_template":[66],"acf":[],"yoast_head":"<!-- This site is optimized with the Yoast SEO plugin v19.7.1 - https:\/\/yoast.com\/wordpress\/plugins\/seo\/ -->\n<title>Datenschutzbestimmungen - I feel wood<\/title>\n<meta name=\"robots\" content=\"index, follow, max-snippet:-1, max-image-preview:large, max-video-preview:-1\" \/>\n<link rel=\"canonical\" href=\"http:\/\/ifeelwood.org\/de\/datenschutzbestimmungen\/\" \/>\n<meta property=\"og:locale\" content=\"de_DE\" \/>\n<meta property=\"og:type\" content=\"article\" \/>\n<meta property=\"og:title\" content=\"Datenschutzbestimmungen - I feel wood\" \/>\n<meta property=\"og:description\" content=\"Der Besuch dieser Website bedeutet nicht, dass der Nutzer zur Angabe von Informationen verpflichtet ist. [&hellip;]\" \/>\n<meta property=\"og:url\" content=\"http:\/\/ifeelwood.org\/de\/datenschutzbestimmungen\/\" \/>\n<meta property=\"og:site_name\" content=\"I feel wood\" \/>\n<meta property=\"article:modified_time\" content=\"2022-08-04T18:05:51+00:00\" \/>\n<meta name=\"twitter:card\" content=\"summary_large_image\" \/>\n<meta name=\"twitter:label1\" content=\"Gesch\u00e4tzte Lesezeit\" \/>\n\t<meta name=\"twitter:data1\" content=\"3 Minuten\" \/>\n<script type=\"application\/ld+json\" class=\"yoast-schema-graph\">{\"@context\":\"https:\/\/schema.org\",\"@graph\":[{\"@type\":\"WebPage\",\"@id\":\"http:\/\/ifeelwood.org\/de\/datenschutzbestimmungen\/\",\"url\":\"http:\/\/ifeelwood.org\/de\/datenschutzbestimmungen\/\",\"name\":\"Datenschutzbestimmungen - I feel wood\",\"isPartOf\":{\"@id\":\"https:\/\/ifeelwood.org\/#website\"},\"datePublished\":\"2022-08-04T17:55:09+00:00\",\"dateModified\":\"2022-08-04T18:05:51+00:00\",\"breadcrumb\":{\"@id\":\"http:\/\/ifeelwood.org\/de\/datenschutzbestimmungen\/#breadcrumb\"},\"inLanguage\":\"de-DE\",\"potentialAction\":[{\"@type\":\"ReadAction\",\"target\":[\"http:\/\/ifeelwood.org\/de\/datenschutzbestimmungen\/\"]}]},{\"@type\":\"BreadcrumbList\",\"@id\":\"http:\/\/ifeelwood.org\/de\/datenschutzbestimmungen\/#breadcrumb\",\"itemListElement\":[{\"@type\":\"ListItem\",\"position\":1,\"name\":\"Inici\",\"item\":\"http:\/\/ifeelwood.org\/de\/\"},{\"@type\":\"ListItem\",\"position\":2,\"name\":\"Datenschutzbestimmungen\"}]},{\"@type\":\"WebSite\",\"@id\":\"https:\/\/ifeelwood.org\/#website\",\"url\":\"https:\/\/ifeelwood.org\/\",\"name\":\"I feel wood\",\"description\":\"Original things\",\"potentialAction\":[{\"@type\":\"SearchAction\",\"target\":{\"@type\":\"EntryPoint\",\"urlTemplate\":\"https:\/\/ifeelwood.org\/?s={search_term_string}\"},\"query-input\":\"required name=search_term_string\"}],\"inLanguage\":\"de-DE\"}]}<\/script>\n<!-- \/ Yoast SEO plugin. -->","yoast_head_json":{"title":"Datenschutzbestimmungen - I feel wood","robots":{"index":"index","follow":"follow","max-snippet":"max-snippet:-1","max-image-preview":"max-image-preview:large","max-video-preview":"max-video-preview:-1"},"canonical":"http:\/\/ifeelwood.org\/de\/datenschutzbestimmungen\/","og_locale":"de_DE","og_type":"article","og_title":"Datenschutzbestimmungen - I feel wood","og_description":"Der Besuch dieser Website bedeutet nicht, dass der Nutzer zur Angabe von Informationen verpflichtet ist. [&hellip;]","og_url":"http:\/\/ifeelwood.org\/de\/datenschutzbestimmungen\/","og_site_name":"I feel wood","article_modified_time":"2022-08-04T18:05:51+00:00","twitter_card":"summary_large_image","twitter_misc":{"Gesch\u00e4tzte Lesezeit":"3 Minuten"},"schema":{"@context":"https:\/\/schema.org","@graph":[{"@type":"WebPage","@id":"http:\/\/ifeelwood.org\/de\/datenschutzbestimmungen\/","url":"http:\/\/ifeelwood.org\/de\/datenschutzbestimmungen\/","name":"Datenschutzbestimmungen - I feel wood","isPartOf":{"@id":"https:\/\/ifeelwood.org\/#website"},"datePublished":"2022-08-04T17:55:09+00:00","dateModified":"2022-08-04T18:05:51+00:00","breadcrumb":{"@id":"http:\/\/ifeelwood.org\/de\/datenschutzbestimmungen\/#breadcrumb"},"inLanguage":"de-DE","potentialAction":[{"@type":"ReadAction","target":["http:\/\/ifeelwood.org\/de\/datenschutzbestimmungen\/"]}]},{"@type":"BreadcrumbList","@id":"http:\/\/ifeelwood.org\/de\/datenschutzbestimmungen\/#breadcrumb","itemListElement":[{"@type":"ListItem","position":1,"name":"Inici","item":"http:\/\/ifeelwood.org\/de\/"},{"@type":"ListItem","position":2,"name":"Datenschutzbestimmungen"}]},{"@type":"WebSite","@id":"https:\/\/ifeelwood.org\/#website","url":"https:\/\/ifeelwood.org\/","name":"I feel wood","description":"Original things","potentialAction":[{"@type":"SearchAction","target":{"@type":"EntryPoint","urlTemplate":"https:\/\/ifeelwood.org\/?s={search_term_string}"},"query-input":"required name=search_term_string"}],"inLanguage":"de-DE"}]}},"_links":{"self":[{"href":"http:\/\/ifeelwood.org\/de\/wp-json\/wp\/v2\/pages\/835"}],"collection":[{"href":"http:\/\/ifeelwood.org\/de\/wp-json\/wp\/v2\/pages"}],"about":[{"href":"http:\/\/ifeelwood.org\/de\/wp-json\/wp\/v2\/types\/page"}],"author":[{"embeddable":true,"href":"http:\/\/ifeelwood.org\/de\/wp-json\/wp\/v2\/users\/2"}],"replies":[{"embeddable":true,"href":"http:\/\/ifeelwood.org\/de\/wp-json\/wp\/v2\/comments?post=835"}],"version-history":[{"count":2,"href":"http:\/\/ifeelwood.org\/de\/wp-json\/wp\/v2\/pages\/835\/revisions"}],"predecessor-version":[{"id":841,"href":"http:\/\/ifeelwood.org\/de\/wp-json\/wp\/v2\/pages\/835\/revisions\/841"}],"wp:attachment":[{"href":"http:\/\/ifeelwood.org\/de\/wp-json\/wp\/v2\/media?parent=835"}],"wp:term":[{"taxonomy":"page_template","embeddable":true,"href":"http:\/\/ifeelwood.org\/de\/wp-json\/wp\/v2\/page_template?post=835"}],"curies":[{"name":"wp","href":"https:\/\/api.w.org\/{rel}","templated":true}]}}