{"id":833,"date":"2022-08-04T19:45:25","date_gmt":"2022-08-04T17:45:25","guid":{"rendered":"http:\/\/ifeelwood.volcanicvalley.com\/politique-de-confidentialite\/"},"modified":"2022-08-04T20:05:23","modified_gmt":"2022-08-04T18:05:23","slug":"politique-de-confidentialite","status":"publish","type":"page","link":"http:\/\/ifeelwood.org\/fr\/politique-de-confidentialite\/","title":{"rendered":"Politique de confidentialit\u00e9"},"content":{"rendered":"\n<p>La visite de ce site Web n\u2019implique pas que l\u2019utilisateur soit oblig\u00e9 de fournir des informations. Dans le cas o\u00f9 l\u2019utilisateur fournit des informations personnelles, les donn\u00e9es recueillies sur ce site\r\n\r\nWeb seront trait\u00e9es loyalement et licitement \u00e0 tout moment, sous r\u00e9serve des principes et des droits contenus dans la loi organique 15\/1999, du 13 d\u00e9cembre, relative \u00e0 la protection des donn\u00e9es personnelles (LOPD), et autres r\u00e8glements d\u2019application.<\/p>\n\n\n\n<h3>INFORMATION AUX UTILISATEURS<\/h3>\n\n\n\n<p>Nous vous informons que conform\u00e9ment \u00e0 la loi en vigueur, toutes les donn\u00e9es personnelles que vous fournissez, seront incorpor\u00e9es et trait\u00e9es au moyen d\u2019un fichier appartenant \u00e0 ILUTRARE S.L. (ci-apr\u00e8s \u00ab I feel wood Original Things \u00bb).<\/p>\n\n\n\n<p>Le but de ce fichier est de maintenir la relation contractuelle avec nos clients, de faciliter le traitement des commandes, les \u00e9tudes statistiques, ainsi que l\u2019envoi de publicit\u00e9 relative aux produits et services commercialis\u00e9s par <em>I feel wood Original Things.<\/em> <\/p>\n\n\n\n<p>Si vous ne souhaitez pas recevoir ce type de publicit\u00e9, vous devez cocher la case correspondante\r\nsur le formulaire.<\/p>\n\n\n\n<p>A l\u2019occasion de l\u2019achat, vos donn\u00e9es pourront \u00eatre communiqu\u00e9es aux destinataires suivants :<\/p>\n\n\n\n<ul><li>\u00c9tablissements bancaires pour le paiement des achats par carte.<\/li><li>Bureau des consommateurs et des utilisateurs en cas de plainte.<\/li><li>Fabricants, services techniques et\/ou grossistes en cas de garantie ou de r\u00e9paration. Entreprises de transport \u00e9ventuellement charg\u00e9es de l\u2019exp\u00e9dition aux clients des commandes correspondantes. Ces destinataires peuvent \u00eatre situ\u00e9s aussi bien sur le territoire espagnol qu\u2019\u00e0 l\u2019ext\u00e9rieur de celui-ci, en fonction du produit et\/ou du service achet\u00e9.<\/li><li>Forces et corps de s\u00e9curit\u00e9, dans les cas l\u00e9galement \u00e9tablis.<\/li><\/ul>\n\n\n\n<h3>CONFIDENTIALIT\u00c9 ET S\u00c9CURIT\u00c9 DES DONN\u00c9ES<\/h3>\n\n\n\n<p>Il est signal\u00e9 que les mesures de s\u00e9curit\u00e9 techniques et organisationnelles n\u00e9cessaires ont \u00e9t\u00e9 adopt\u00e9es pour garantir la s\u00e9curit\u00e9 et l\u2019int\u00e9grit\u00e9 des donn\u00e9es, ainsi que pour pr\u00e9venir leur perte, leur traitement ou leur acc\u00e8s non autoris\u00e9, conform\u00e9ment \u00e0 la l\u00e9gislation en vigueur relative \u00e0 la protection des donn\u00e9es. Toutefois, I feel wood Original Things ne peut garantir l\u2019absolu caract\u00e8re inexpugnable du r\u00e9seau Internet et donc la violation des donn\u00e9es par un acc\u00e8s frauduleux \u00e0 ces derni\u00e8res par des tiers.<\/p>\n\n\n\n<p>L\u2019utilisateur est inform\u00e9 que nous ne lui demanderons que les donn\u00e9es n\u00e9cessaires \u00e0 la fourniture du service demand\u00e9 et ne les utiliserons qu\u2019\u00e0 cette fin.<\/p>\n\n\n\n<h3>CONSENTEMENT<\/h3>\n\n\n\n<p>En envoyant les formulaires, l\u2019utilisateur consent express\u00e9ment \u00e0 ce que les donn\u00e9es soient trait\u00e9es conform\u00e9ment aux finalit\u00e9s d\u00e9crites ci-dessus. I feel wood Original Things ne communiquera pas les donn\u00e9es \u00e0 des tiers, sauf dans les cas l\u00e9galement \u00e9tablis ou autoris\u00e9s par la partie int\u00e9ress\u00e9e. I feel wood Original Things informe les titulaires des donn\u00e9es de son intention de leur envoyer des communications commerciales par courrier \u00e9lectronique ou tout autre moyen de communication \u00e9lectronique \u00e9quivalent. De m\u00eame, les titulaires d\u00e9clarent avoir pris connaissance de cette intention et donnent leur consentement expr\u00e8s pour la r\u00e9ception des communications susmentionn\u00e9es. Le consentement donn\u00e9 ici par le titulaire pour la communication de donn\u00e9es \u00e0 des tiers est r\u00e9vocable \u00e0 tout moment, sans effet r\u00e9troactif.<\/p>\n\n\n\n<h3>DROITS DES PARTIES INT\u00c9RESS\u00c9ES<\/h3>\n\n\n\n<p>Les parties int\u00e9ress\u00e9es peuvent exercer leurs droits d\u2019acc\u00e8s, de rectification, d\u2019annulation et d\u2019opposition en ce qui concerne leurs donn\u00e9es personnelles en \u00e9crivant et en joignant une photocopie de leur document d\u2019identit\u00e9 \u00e0 l\u2019adresse C\/ Costabona, n\u00ba14, 4\u00ba-1\u00aa, 08033, Barcelone (Espagne) ou au courrier \u00e9lectronique lopd@ifeelwood.org.<\/p>\n\n\n\n<h3>QUALIT\u00c9 DES DONN\u00c9ES<\/h3>\n\n\n\n<p>L\u2019utilisateur doit garantir la v\u00e9racit\u00e9, l\u2019exactitude, l\u2019authenticit\u00e9 et la validit\u00e9 des donn\u00e9es personnelles collect\u00e9es.<\/p>\n\n\n\n<p>Protection des mineurs <\/p>\n\n\n\n<p>Nous ne recueillons pas de donn\u00e9es personnelles de mineurs. Il incombe aux parents\/tuteur l\u00e9gal d\u2019assurer la protection de la vie priv\u00e9e des mineurs et de faire tout leur possible pour s\u2019assurer qu\u2019ils ont autoris\u00e9 la collecte et l\u2019utilisation des donn\u00e9es personnelles de l\u2019enfant.<\/p>\n\n\n\n<h3>ACTUALISATIONS<\/h3>\n\n\n\n<p>Cette politique de confidentialit\u00e9 peut \u00eatre modifi\u00e9e \u00e0 tout moment en fonction des besoins sp\u00e9cifiques du site Web, de son contenu, de ses directives internes et des modifications apport\u00e9es \u00e0 la l\u00e9gislation en mati\u00e8re de confidentialit\u00e9. I feel wood Original Things, par son repr\u00e9sentant l\u00e9gal, se r\u00e9serve le droit exclusif de le faire.<\/p>\n\n\n\n<h3>CONTACTER<\/h3>\n\n\n\n<p><a href=\"http:\/\/www.ifellwood.org\/\">www.ifeelwood.org<\/a><\/p>\n\n\n\n<p><em>I feel wood Original Things<\/em><\/p>\n\n\n\n<p>C\/ Costabona, n\u00ba14, 4\u00ba-1\u00aa,<\/p>\n\n\n\n<p>08033, Barcelona<\/p>\n\n\n\n<p><a href=\"mailto:lopd@ifeelwood.org\">lopd@ifeelwood.org<\/a><\/p>\n","protected":false},"excerpt":{"rendered":"<p>La visite de ce site Web n\u2019implique pas que l\u2019utilisateur soit oblig\u00e9 de fournir des [&hellip;]<\/p>\n","protected":false},"author":2,"featured_media":0,"parent":0,"menu_order":0,"comment_status":"closed","ping_status":"closed","template":"","meta":[],"page_template":[65],"acf":[],"yoast_head":"<!-- This site is optimized with the Yoast SEO plugin v19.7.1 - https:\/\/yoast.com\/wordpress\/plugins\/seo\/ -->\n<title>Politique de confidentialit\u00e9 - I feel wood<\/title>\n<meta name=\"robots\" content=\"index, follow, max-snippet:-1, max-image-preview:large, max-video-preview:-1\" \/>\n<link rel=\"canonical\" href=\"http:\/\/ifeelwood.org\/fr\/politique-de-confidentialite\/\" \/>\n<meta property=\"og:locale\" content=\"fr_FR\" \/>\n<meta property=\"og:type\" content=\"article\" \/>\n<meta property=\"og:title\" content=\"Politique de confidentialit\u00e9 - I feel wood\" \/>\n<meta property=\"og:description\" content=\"La visite de ce site Web n\u2019implique pas que l\u2019utilisateur soit oblig\u00e9 de fournir des [&hellip;]\" \/>\n<meta property=\"og:url\" content=\"http:\/\/ifeelwood.org\/fr\/politique-de-confidentialite\/\" \/>\n<meta property=\"og:site_name\" content=\"I feel wood\" \/>\n<meta property=\"article:modified_time\" content=\"2022-08-04T18:05:23+00:00\" \/>\n<meta name=\"twitter:card\" content=\"summary_large_image\" \/>\n<meta name=\"twitter:label1\" content=\"Dur\u00e9e de lecture estim\u00e9e\" \/>\n\t<meta name=\"twitter:data1\" content=\"4 minutes\" \/>\n<script type=\"application\/ld+json\" class=\"yoast-schema-graph\">{\"@context\":\"https:\/\/schema.org\",\"@graph\":[{\"@type\":\"WebPage\",\"@id\":\"http:\/\/ifeelwood.org\/fr\/politique-de-confidentialite\/\",\"url\":\"http:\/\/ifeelwood.org\/fr\/politique-de-confidentialite\/\",\"name\":\"Politique de confidentialit\u00e9 - I feel wood\",\"isPartOf\":{\"@id\":\"https:\/\/ifeelwood.org\/#website\"},\"datePublished\":\"2022-08-04T17:45:25+00:00\",\"dateModified\":\"2022-08-04T18:05:23+00:00\",\"breadcrumb\":{\"@id\":\"http:\/\/ifeelwood.org\/fr\/politique-de-confidentialite\/#breadcrumb\"},\"inLanguage\":\"fr-FR\",\"potentialAction\":[{\"@type\":\"ReadAction\",\"target\":[\"http:\/\/ifeelwood.org\/fr\/politique-de-confidentialite\/\"]}]},{\"@type\":\"BreadcrumbList\",\"@id\":\"http:\/\/ifeelwood.org\/fr\/politique-de-confidentialite\/#breadcrumb\",\"itemListElement\":[{\"@type\":\"ListItem\",\"position\":1,\"name\":\"Inici\",\"item\":\"https:\/\/ifeelwood.org\/fr\/\"},{\"@type\":\"ListItem\",\"position\":2,\"name\":\"Politique de confidentialit\u00e9\"}]},{\"@type\":\"WebSite\",\"@id\":\"https:\/\/ifeelwood.org\/#website\",\"url\":\"https:\/\/ifeelwood.org\/\",\"name\":\"I feel wood\",\"description\":\"Original things\",\"potentialAction\":[{\"@type\":\"SearchAction\",\"target\":{\"@type\":\"EntryPoint\",\"urlTemplate\":\"https:\/\/ifeelwood.org\/?s={search_term_string}\"},\"query-input\":\"required name=search_term_string\"}],\"inLanguage\":\"fr-FR\"}]}<\/script>\n<!-- \/ Yoast SEO plugin. -->","yoast_head_json":{"title":"Politique de confidentialit\u00e9 - I feel wood","robots":{"index":"index","follow":"follow","max-snippet":"max-snippet:-1","max-image-preview":"max-image-preview:large","max-video-preview":"max-video-preview:-1"},"canonical":"http:\/\/ifeelwood.org\/fr\/politique-de-confidentialite\/","og_locale":"fr_FR","og_type":"article","og_title":"Politique de confidentialit\u00e9 - I feel wood","og_description":"La visite de ce site Web n\u2019implique pas que l\u2019utilisateur soit oblig\u00e9 de fournir des [&hellip;]","og_url":"http:\/\/ifeelwood.org\/fr\/politique-de-confidentialite\/","og_site_name":"I feel wood","article_modified_time":"2022-08-04T18:05:23+00:00","twitter_card":"summary_large_image","twitter_misc":{"Dur\u00e9e de lecture estim\u00e9e":"4 minutes"},"schema":{"@context":"https:\/\/schema.org","@graph":[{"@type":"WebPage","@id":"http:\/\/ifeelwood.org\/fr\/politique-de-confidentialite\/","url":"http:\/\/ifeelwood.org\/fr\/politique-de-confidentialite\/","name":"Politique de confidentialit\u00e9 - I feel wood","isPartOf":{"@id":"https:\/\/ifeelwood.org\/#website"},"datePublished":"2022-08-04T17:45:25+00:00","dateModified":"2022-08-04T18:05:23+00:00","breadcrumb":{"@id":"http:\/\/ifeelwood.org\/fr\/politique-de-confidentialite\/#breadcrumb"},"inLanguage":"fr-FR","potentialAction":[{"@type":"ReadAction","target":["http:\/\/ifeelwood.org\/fr\/politique-de-confidentialite\/"]}]},{"@type":"BreadcrumbList","@id":"http:\/\/ifeelwood.org\/fr\/politique-de-confidentialite\/#breadcrumb","itemListElement":[{"@type":"ListItem","position":1,"name":"Inici","item":"https:\/\/ifeelwood.org\/fr\/"},{"@type":"ListItem","position":2,"name":"Politique de confidentialit\u00e9"}]},{"@type":"WebSite","@id":"https:\/\/ifeelwood.org\/#website","url":"https:\/\/ifeelwood.org\/","name":"I feel wood","description":"Original things","potentialAction":[{"@type":"SearchAction","target":{"@type":"EntryPoint","urlTemplate":"https:\/\/ifeelwood.org\/?s={search_term_string}"},"query-input":"required name=search_term_string"}],"inLanguage":"fr-FR"}]}},"_links":{"self":[{"href":"http:\/\/ifeelwood.org\/fr\/wp-json\/wp\/v2\/pages\/833"}],"collection":[{"href":"http:\/\/ifeelwood.org\/fr\/wp-json\/wp\/v2\/pages"}],"about":[{"href":"http:\/\/ifeelwood.org\/fr\/wp-json\/wp\/v2\/types\/page"}],"author":[{"embeddable":true,"href":"http:\/\/ifeelwood.org\/fr\/wp-json\/wp\/v2\/users\/2"}],"replies":[{"embeddable":true,"href":"http:\/\/ifeelwood.org\/fr\/wp-json\/wp\/v2\/comments?post=833"}],"version-history":[{"count":2,"href":"http:\/\/ifeelwood.org\/fr\/wp-json\/wp\/v2\/pages\/833\/revisions"}],"predecessor-version":[{"id":840,"href":"http:\/\/ifeelwood.org\/fr\/wp-json\/wp\/v2\/pages\/833\/revisions\/840"}],"wp:attachment":[{"href":"http:\/\/ifeelwood.org\/fr\/wp-json\/wp\/v2\/media?parent=833"}],"wp:term":[{"taxonomy":"page_template","embeddable":true,"href":"http:\/\/ifeelwood.org\/fr\/wp-json\/wp\/v2\/page_template?post=833"}],"curies":[{"name":"wp","href":"https:\/\/api.w.org\/{rel}","templated":true}]}}