{"id":837,"date":"2022-08-04T20:02:32","date_gmt":"2022-08-04T18:02:32","guid":{"rendered":"http:\/\/ifeelwood.volcanicvalley.com\/politica-di-privacy-e-protezione-dei-dati\/"},"modified":"2022-08-04T20:08:43","modified_gmt":"2022-08-04T18:08:43","slug":"politica-di-privacy-e-protezione-dei-dati","status":"publish","type":"page","link":"http:\/\/ifeelwood.org\/it\/politica-di-privacy-e-protezione-dei-dati\/","title":{"rendered":"Politica di privacy e protezione dei dati"},"content":{"rendered":"\n<p>Ai sensi del D.lgs. n. 196\/2003 e del Regolamento UE 2016\/679, il trattamento delle informazioni da parte di ILUTRARE SL con NIF B67259804 e domiciliata a effetti di notifica in C\/Costabona n. 14 08033 Barcelona, Unipersonale sar\u00e0 improntato ai principi di correttezza, liceit\u00e0 e trasparenza e di tutela della riservatezza e dei diritti. Ai sensi dell\u2019articolo 13 del Regolamento UE 2016\/679, dunque, si forniscono le seguenti informazioni:&#13;\n&#13;\nLa visita di questo sito web non implica che l\u2019utente sia obbligato a fornire alcuna informazione. Nel caso in cui l\u2019utente fornisca qualche informazione di carattere personale, i dati raccolti in questo sito web saranno trattati in maniera leale e lecita in conformit\u00e0 con i principi e diritti raccolti nella Ley Organica 15\/1999 del 13 dicembre, di Proteccion de Datos de Caracter Personal (LOPD) ed altri regolamenti di sviluppo.<\/p>\n\n<h3>INFORMAZIONI AGLI UTENTI<\/h3>\n\n<p>Vi informiamo che in compimento della normativa applicabile, che tutti i dati di carattere personale che vengono da voi forniti resteranno incorporati e saranno trattati attraverso un file di propriet\u00e0 di ILUTRARE SL con NIF B67259804 e domiciliata a effetti di notifica in C\/Costabona n. 14 08033 Barcelona.(in avanti, <em>I feel wood Original Things<\/em>)<\/p>\n\n<p>La finalit\u00e0 del suddetto file \u00e8 di mantenere la relazione contrattuale con i nostri clienti, facilitare la trasmissione degli ordini, la realizzazione di studi statistici, cos\u00ec come l\u2019invio di pubblicit\u00e0 relativa ai prodotti e servizi commercializzati da <em>I feel wood Original Things.<\/em><\/p>\n\n<p>Se non desidera ricevere questo tipo di pubblicit\u00e0 dovr\u00e0 selezionare la casella che appare nel formulario.<\/p>\n\n<p>In occasione di acquisto i suoi dati possono essere comunicati ai seguenti destinatari:<\/p>\n\n<ul><li>Entit\u00e0 bancarie per il pagamento delle spese attraverso carta di credito.<\/li><li>All\u2019Officina dei consumatori ed utenti in caso di reclami.<\/li><li>Ai fabbricatori. Servizi tecnici e\/o maggioritari nel caso di garanzie o riparazioni. Alle imprese di trasporti che possano avere in carico la spedizione ai clienti dei corrispondenti ordini. Questi destinatari potranno essere ubicati dentro il territorio spagnolo come fuori, in funzione del prodotto e\/o del servizio acquisito.<\/li><li>Nelle assunzioni legalmente stabilite, come nel caso delle Forze e Corpi di Sicurezza.<\/li><\/ul>\n<h3>SEGRETO E SICUREZZA DEI DATI<\/h3>\n\n<p>Si informa che si sono adottate le misure di sicurezza di tipo tecnico ed organizzativo necessarie per garantire sicurezza ed integrit\u00e0 dei dati, cos\u00ec come per evitare la loro perdita, il loro trattamento o accesso non autorizzato conforme la legislazione vigente sulla protezione dei dati.&#13;\nSenza dubbio, <em>I feel wood Original Things<\/em> non pu\u00f2 garantire l\u2019assoluta inespugnabilit\u00e0 della rete internet e la conseguente violazione dei dati attraverso accessi fraudolenti da parte di terzi.<\/p>\n\n<p>Si informano gli utenti che solo chiediamo i dati necessari alla prestazione del servizio richiesto e verranno usati solamente per quel fine.<\/p>\n\n<h3>CONSENSO<\/h3>\n\n<p>Mediante el env\u00edo de los formularios el usuario presta su consentimiento expresamente para que se traten los datos conforme las finalidades previstas anteriormente. <em>I feel wood Original Things<\/em> no comunicar\u00e1 los datos a terceros salvo en los supuestos legalmente establecidos o autorizados por el interesado. <em>I feel wood Original Things<\/em> comunica a los titulares de los datos su intenci\u00f3n de enviarles comunicaciones comerciales por correo electr\u00f3nico o por cualquier otro medio de comunicaci\u00f3n electr\u00f3nica equivalente. Asimismo, los titulares manifiestan conocer esta intenci\u00f3n y prestan su consentimiento expreso para la recepci\u00f3n de las mencionadas comunicaciones. El consentimiento aqu\u00ed prestado por el Titular para comunicaci\u00f3n de datos a terceros tiene car\u00e1cter revocable en todo momento, sin efectos retroactivos.&#13;\n&#13;\nAttraverso l\u2019invio dei formulari l\u2019utente attesta il suo consenso espressamente al fine di trattare i dati secondo le finalit\u00e0 previste in precedenza. <em>I feel wood Original Things<\/em> non comunicher\u00e0 i dati a terzi salvo nei presupposti legalmente stabiliti o autorizzati dall\u2019interessato. <em>I feel wood Original Things<\/em> comunica a tutti i titolari dei propri dati l\u2019intenzione di inviare comunicazione commerciale attraverso e-mail o attraverso qualsiasi altro mezzo di comunicazione elettronica equivalente. Allo stesso modo, i titolari manifestano di conoscere questa intenzione e prestano il loro consenso espresso per la recezione delle suddette comunicazioni. Il consenso qui fornito dal Titolare per comunicazione di dati a terzi ha carattere revocabile in qualsiasi momento, senza effetti retroattivi.<\/p>\n\n<h3>Diritti degli interessati<\/h3>\n\n<p>L\u2019interessato pu\u00f2 esercitare i suoi diritti ARCO (accesso, rettifica, cancellazione, opposizone) in relazione con i suoi dati personali dirigendosi per scritto ed aggiungendo una fotocopia del documenti di identit\u00e0 all\u2019indirizzo C\/ Costabona n 14 4 1\u00b0a, 08033 Barcellona, oppure all\u2019indirizzo email lopd@ifeelwood.org.<\/p>\n\n<h3>DIRITTI DEGLI INTERESSATI<\/h3>\n\n<p>Gli utenti dovranno garantire la veridicit\u00e0, esattezza, autenticit\u00e0 e vigenza dei dati di carattere personale che siano stati raccolti.<\/p>\n\n<p>PROTEZIONE DEI MINORI<\/p>\n\n<p>Non raccogliamo dati personali di minori. \u00c8 responsabilit\u00e0 del padre\/madre\/tutore legale salvaguardare la privacy dei minori, facendo tutto il possibile per assicura che abbiano autorizzato la raccolta e l\u2019uso dei dati personali del minore.<\/p>\n\n<h3>AGGIORNAMENTI<\/h3>\n\n<p>La presente Politica di Privacy potr\u00e0 essere modificata in qualsiasi momento secondo le necessit\u00e0 concrete della pagina web, i suoi contenuti, direttrici interne e cambi legislativi in materia di privacy. <em>I feel wood Original Things<\/em> ed il suo responsabile e titolare si riserva l\u2019esclusivit\u00e0 sul diritto sopracitato.<\/p>\n\n<h3>CONTATTO<\/h3>\n\n<p><a href=\"http:\/\/www.ifellwood.org\/\">www.ifeelwood.org<\/a><\/p>\n\n<p><em>I feel wood Original Things<\/em><\/p>\n\n<p>C\/ Costabona, n\u00ba14, 4\u00ba-1\u00aa,<\/p>\n\n<p>08033, Barcelona<\/p>\n\n<p><a href=\"mailto:lopd@ifeelwood.org\">lopd@ifeelwood.org<\/a><\/p>\n","protected":false},"excerpt":{"rendered":"<p>Ai sensi del D.lgs. n. 196\/2003 e del Regolamento UE 2016\/679, il trattamento delle informazioni [&hellip;]<\/p>\n","protected":false},"author":2,"featured_media":0,"parent":0,"menu_order":0,"comment_status":"closed","ping_status":"closed","template":"","meta":[],"page_template":[67],"acf":[],"yoast_head":"<!-- This site is optimized with the Yoast SEO plugin v19.7.1 - https:\/\/yoast.com\/wordpress\/plugins\/seo\/ -->\n<title>Politica di privacy e protezione dei dati - I feel wood<\/title>\n<meta name=\"robots\" content=\"index, follow, max-snippet:-1, max-image-preview:large, max-video-preview:-1\" \/>\n<link rel=\"canonical\" href=\"http:\/\/ifeelwood.org\/it\/politica-di-privacy-e-protezione-dei-dati\/\" \/>\n<meta property=\"og:locale\" content=\"it_IT\" \/>\n<meta property=\"og:type\" content=\"article\" \/>\n<meta property=\"og:title\" content=\"Politica di privacy e protezione dei dati - I feel wood\" \/>\n<meta property=\"og:description\" content=\"Ai sensi del D.lgs. n. 196\/2003 e del Regolamento UE 2016\/679, il trattamento delle informazioni [&hellip;]\" \/>\n<meta property=\"og:url\" content=\"http:\/\/ifeelwood.org\/it\/politica-di-privacy-e-protezione-dei-dati\/\" \/>\n<meta property=\"og:site_name\" content=\"I feel wood\" \/>\n<meta property=\"article:modified_time\" content=\"2022-08-04T18:08:43+00:00\" \/>\n<meta name=\"twitter:card\" content=\"summary_large_image\" \/>\n<meta name=\"twitter:label1\" content=\"Tempo di lettura stimato\" \/>\n\t<meta name=\"twitter:data1\" content=\"4 minuti\" \/>\n<script type=\"application\/ld+json\" class=\"yoast-schema-graph\">{\"@context\":\"https:\/\/schema.org\",\"@graph\":[{\"@type\":\"WebPage\",\"@id\":\"http:\/\/ifeelwood.org\/it\/politica-di-privacy-e-protezione-dei-dati\/\",\"url\":\"http:\/\/ifeelwood.org\/it\/politica-di-privacy-e-protezione-dei-dati\/\",\"name\":\"Politica di privacy e protezione dei dati - I feel wood\",\"isPartOf\":{\"@id\":\"https:\/\/ifeelwood.org\/#website\"},\"datePublished\":\"2022-08-04T18:02:32+00:00\",\"dateModified\":\"2022-08-04T18:08:43+00:00\",\"breadcrumb\":{\"@id\":\"http:\/\/ifeelwood.org\/it\/politica-di-privacy-e-protezione-dei-dati\/#breadcrumb\"},\"inLanguage\":\"it-IT\",\"potentialAction\":[{\"@type\":\"ReadAction\",\"target\":[\"http:\/\/ifeelwood.org\/it\/politica-di-privacy-e-protezione-dei-dati\/\"]}]},{\"@type\":\"BreadcrumbList\",\"@id\":\"http:\/\/ifeelwood.org\/it\/politica-di-privacy-e-protezione-dei-dati\/#breadcrumb\",\"itemListElement\":[{\"@type\":\"ListItem\",\"position\":1,\"name\":\"Inici\",\"item\":\"https:\/\/ifeelwood.org\/it\/\"},{\"@type\":\"ListItem\",\"position\":2,\"name\":\"Politica di privacy e protezione dei dati\"}]},{\"@type\":\"WebSite\",\"@id\":\"https:\/\/ifeelwood.org\/#website\",\"url\":\"https:\/\/ifeelwood.org\/\",\"name\":\"I feel wood\",\"description\":\"Original things\",\"potentialAction\":[{\"@type\":\"SearchAction\",\"target\":{\"@type\":\"EntryPoint\",\"urlTemplate\":\"https:\/\/ifeelwood.org\/?s={search_term_string}\"},\"query-input\":\"required name=search_term_string\"}],\"inLanguage\":\"it-IT\"}]}<\/script>\n<!-- \/ Yoast SEO plugin. -->","yoast_head_json":{"title":"Politica di privacy e protezione dei dati - I feel wood","robots":{"index":"index","follow":"follow","max-snippet":"max-snippet:-1","max-image-preview":"max-image-preview:large","max-video-preview":"max-video-preview:-1"},"canonical":"http:\/\/ifeelwood.org\/it\/politica-di-privacy-e-protezione-dei-dati\/","og_locale":"it_IT","og_type":"article","og_title":"Politica di privacy e protezione dei dati - I feel wood","og_description":"Ai sensi del D.lgs. n. 196\/2003 e del Regolamento UE 2016\/679, il trattamento delle informazioni [&hellip;]","og_url":"http:\/\/ifeelwood.org\/it\/politica-di-privacy-e-protezione-dei-dati\/","og_site_name":"I feel wood","article_modified_time":"2022-08-04T18:08:43+00:00","twitter_card":"summary_large_image","twitter_misc":{"Tempo di lettura stimato":"4 minuti"},"schema":{"@context":"https:\/\/schema.org","@graph":[{"@type":"WebPage","@id":"http:\/\/ifeelwood.org\/it\/politica-di-privacy-e-protezione-dei-dati\/","url":"http:\/\/ifeelwood.org\/it\/politica-di-privacy-e-protezione-dei-dati\/","name":"Politica di privacy e protezione dei dati - I feel wood","isPartOf":{"@id":"https:\/\/ifeelwood.org\/#website"},"datePublished":"2022-08-04T18:02:32+00:00","dateModified":"2022-08-04T18:08:43+00:00","breadcrumb":{"@id":"http:\/\/ifeelwood.org\/it\/politica-di-privacy-e-protezione-dei-dati\/#breadcrumb"},"inLanguage":"it-IT","potentialAction":[{"@type":"ReadAction","target":["http:\/\/ifeelwood.org\/it\/politica-di-privacy-e-protezione-dei-dati\/"]}]},{"@type":"BreadcrumbList","@id":"http:\/\/ifeelwood.org\/it\/politica-di-privacy-e-protezione-dei-dati\/#breadcrumb","itemListElement":[{"@type":"ListItem","position":1,"name":"Inici","item":"https:\/\/ifeelwood.org\/it\/"},{"@type":"ListItem","position":2,"name":"Politica di privacy e protezione dei dati"}]},{"@type":"WebSite","@id":"https:\/\/ifeelwood.org\/#website","url":"https:\/\/ifeelwood.org\/","name":"I feel wood","description":"Original things","potentialAction":[{"@type":"SearchAction","target":{"@type":"EntryPoint","urlTemplate":"https:\/\/ifeelwood.org\/?s={search_term_string}"},"query-input":"required name=search_term_string"}],"inLanguage":"it-IT"}]}},"_links":{"self":[{"href":"http:\/\/ifeelwood.org\/it\/wp-json\/wp\/v2\/pages\/837"}],"collection":[{"href":"http:\/\/ifeelwood.org\/it\/wp-json\/wp\/v2\/pages"}],"about":[{"href":"http:\/\/ifeelwood.org\/it\/wp-json\/wp\/v2\/types\/page"}],"author":[{"embeddable":true,"href":"http:\/\/ifeelwood.org\/it\/wp-json\/wp\/v2\/users\/2"}],"replies":[{"embeddable":true,"href":"http:\/\/ifeelwood.org\/it\/wp-json\/wp\/v2\/comments?post=837"}],"version-history":[{"count":3,"href":"http:\/\/ifeelwood.org\/it\/wp-json\/wp\/v2\/pages\/837\/revisions"}],"predecessor-version":[{"id":843,"href":"http:\/\/ifeelwood.org\/it\/wp-json\/wp\/v2\/pages\/837\/revisions\/843"}],"wp:attachment":[{"href":"http:\/\/ifeelwood.org\/it\/wp-json\/wp\/v2\/media?parent=837"}],"wp:term":[{"taxonomy":"page_template","embeddable":true,"href":"http:\/\/ifeelwood.org\/it\/wp-json\/wp\/v2\/page_template?post=837"}],"curies":[{"name":"wp","href":"https:\/\/api.w.org\/{rel}","templated":true}]}}