{"id":825,"date":"2022-08-04T19:23:58","date_gmt":"2022-08-04T17:23:58","guid":{"rendered":"http:\/\/ifeelwood.volcanicvalley.com\/cookie-richtlinien\/"},"modified":"2022-08-04T19:31:01","modified_gmt":"2022-08-04T17:31:01","slug":"cookie-richtlinien","status":"publish","type":"page","link":"https:\/\/ifeelwood.org\/de\/cookie-richtlinien\/","title":{"rendered":"Cookie-richtlinien"},"content":{"rendered":"\n<p>Cookies sind Dateien, die auf Ihren Computer heruntergeladen werden, wenn Sie auf bestimmte Webseiten zugreifen. Cookies erm\u00f6glichen es einer Website unter anderem, Informationen \u00fcber die Navigationsgewohnheiten eines Benutzers oder seines Computers zu speichern und abzurufen und je nach den darin enthaltenen Informationen und der Art und Weise, wie Sie Ihren Computer nutzen, den Benutzer zu erkennen. Der Browser des Benutzers speichert Cookies nur w\u00e4hrend der aktuellen Sitzung auf der Festplatte, belegt dabei wenig Speicherplatz und schadet dem Computer nicht. Cookies enthalten keine bestimmten personenbezogenen Daten, und die meisten Cookies werden am Ende Ihrer Browser-Sitzung von Ihrer Festplatte gel\u00f6scht (sog. Session-Cookies).<\/p>\n\n\n\n<p>Die meisten Browser akzeptieren standardm\u00e4\u00dfig Cookies und erlauben oder verhindern unabh\u00e4ngig vom Cookie tempor\u00e4re oder gespeicherte Cookies in den Sicherheitseinstellungen.<\/p>\n\n\n\n<p>Ohne Ihre ausdr\u00fcckliche Zustimmung \u2013 durch die Aktivierung der Cookies in Ihrem Browser \u2013 verkn\u00fcpft I feel wood Original Things keine Ihrer pers\u00f6nlichen Daten, die Sie bei der Registrierung oder beim Kauf angegeben haben und die gespeichert wurden, in den Cookies.<\/p>\n\n\n\n<p><strong>Welche Arten von Cookies verwendet diese Website?<\/strong><\/p>\n\n\n\n<p>\u2013 Technische Cookies: Dies sind diejenigen, die es dem Benutzer erm\u00f6glichen, durch eine Webseite, Plattform oder Anwendung und die Nutzung der verschiedenen darin vorhandenen Optionen oder Dienste zu navigieren, wie z.B. die Steuerung der Verkehrs- und Datenkommunikation, die Identifizierung der Sitzung, den Zugriff auf Teile des eingeschr\u00e4nkten Zugangs, die Erinnerung an die Elemente, aus denen sich eine Bestellung zusammensetzt, die Durchf\u00fchrung des Kaufprozesses einer Bestellung, die Beantragung einer Registrierung oder Teilnahme an einer Veranstaltung, die Verwendung von Sicherheitselementen w\u00e4hrend der Navigation, die Speicherung von Inhalten f\u00fcr die Verbreitung von Videos oder Ton oder die gemeinsame Nutzung von Inhalten \u00fcber soziale Netzwerke.<\/p>\n\n\n\n<p>\u2013 Personalisierungs-Cookies: Dies sind diejenigen, die es dem Benutzer erm\u00f6glichen, auf den Dienst mit einigen allgemeinen Merkmalen zuzugreifen, die nach einer Reihe von Kriterien im Terminal des Benutzers vordefiniert sind, wie z.B. die Sprache, der Browsertyp, \u00fcber den auf den Dienst zugegriffen wird, die regionale Konfiguration, \u00fcber die auf den Dienst zugegriffen wird, usw.<\/p>\n\n\n\n<p>\u2013 Analyse-Cookies: Dies sind diejenigen, die es uns, ob von uns oder von Dritten verarbeitet, erm\u00f6glichen, die Anzahl der Nutzer zu quantifizieren und so die Messung und statistische Analyse der Nutzung durch die Nutzer des angebotenen Dienstes durchzuf\u00fchren. Zu diesem Zweck wird Ihre Navigation auf unserer Website analysiert, um das Angebot an Produkten oder Dienstleistungen zu verbessern.<\/p>\n\n\n\n<p>\u2013 Werbe-Cookies: Cookies sind solche, die es uns erm\u00f6glichen, das Angebot von Werbefl\u00e4chen auf der Website so effizient wie m\u00f6glich zu verwalten, indem sie den Inhalt der Werbung an den Inhalt der angeforderten Dienstleistung oder an die Nutzung unserer Website anpassen. Dazu k\u00f6nnen wir Ihre Internet-Navigationsgewohnheiten analysieren und Ihnen Werbung im Zusammenhang mit Ihrem Navigationsprofil zeigen.<\/p>\n\n\n\n<p>\u2013 Verhaltensbezogene Werbe-Cookies: Dies sind diejenigen, die es erm\u00f6glichen, die Werbefl\u00e4chen, die der Verlag gegebenenfalls in eine Website, Anwendung oder Plattform aufgenommen hat, von der aus er die gew\u00fcnschte Dienstleistung erbringt, so effizient wie m\u00f6glich zu verwalten. Diese Cookies speichern Informationen \u00fcber das Nutzerverhalten, die durch die kontinuierliche Beobachtung ihrer Surfgewohnheiten gewonnen werden, so dass ein spezifisches Profil entwickelt werden kann, um darauf aufbauend Werbung anzuzeigen.<\/p>\n\n\n\n<p>Cookies von Drittanbietern: Die Website von I feel wood Original Things kann Dienste von Drittanbietern nutzen, die im Namen von I feel wood Original Things Informationen f\u00fcr statistische Zwecke, f\u00fcr die Nutzung der Website durch den Benutzer und f\u00fcr die Bereitstellung anderer Dienste im Zusammenhang mit der Website-Aktivit\u00e4t und anderen Internetdiensten sammeln.<\/p>\n\n\n\n<p>Diese Website benutzt insbesondere Google Analytics, einen Webanalysedienst von Google, Inc. mit Sitz in den Vereinigten Staaten, 1600 Amphitheatre Parkway, Mountain View, California 94043. Um diese Dienste anbieten zu k\u00f6nnen, verwenden sie Cookies, die Informationen sammeln, einschlie\u00dflich der IP-Adresse des Nutzers, die von Google unter den auf der Website Google.com genannten Bedingungen \u00fcbermittelt, verarbeitet und gespeichert werden. Die Weitergabe dieser Daten ist m\u00f6glich bei gesetzlicher Aufforderung oder wenn Dritte diese Daten im Auftrag von Google verarbeiten.<\/p>\n\n\n\n<p>Mit der Nutzung dieser Website stimmt der Nutzer der Verarbeitung der erhaltenen Informationen auf die oben genannte Weise und zu den oben genannten Zwecken ausdr\u00fccklich zu. Sie erkennen auch die M\u00f6glichkeit an, die Verarbeitung solcher Daten oder Informationen abzulehnen, indem Sie die Verwendung von Cookies ablehnen, indem Sie in Ihrem Browser die entsprechenden Einstellungen daf\u00fcr vornehmen. Mit dieser M\u00f6glichkeit, Cookies in Ihrem Browser zu blockieren, k\u00f6nnen Sie jedoch m\u00f6glicherweise nicht alle Funktionen der Website vollst\u00e4ndig nutzen.<\/p>\n\n\n\n<p>Sie k\u00f6nnen auf Ihrem Computer installierte Cookies zulassen, blockieren oder l\u00f6schen, indem Sie die auf Ihrem Computer installierten Browseroptionen konfigurieren:<\/p>\n\n\n\n<ul><li><a href=\"https:\/\/support.google.com\/chrome\/answer\/95647?hl=es\" target=\"_blank\" rel=\"noreferrer noopener\">Chrome<\/a><\/li><li><a href=\"https:\/\/support.microsoft.com\/es-es\/help\/17442\/windows-internet-explorer-delete-manage-cookies\" target=\"_blank\" rel=\"noreferrer noopener\">Explorer<\/a><\/li><li><a href=\"https:\/\/support.mozilla.org\/es\/kb\/habilitar-y-deshabilitar-cookies-que-los-sitios-we\" target=\"_blank\" rel=\"noreferrer noopener\">Firefox<\/a><\/li><li><a href=\"https:\/\/support.apple.com\/kb\/ph5042?locale=en_US\" target=\"_blank\" rel=\"noreferrer noopener\">Safari<\/a><\/li><\/ul>\n\n\n\n<p>Wenn Sie Fragen zu dieser Cookie- oder Datenschutzrichtlinie haben, k\u00f6nnen Sie uns \u00fcber die folgenden Kontaktformulare kontaktieren.<\/p>\n\n\n\n<h3>KONTAKT<\/h3>\n\n\n\n<p><a href=\"http:\/\/www.ifellwood.org\/\">www.ifeelwood.org<\/a><\/p>\n\n\n\n<p><em>I feel wood Original Things<\/em><\/p>\n\n\n\n<p>C\/ Costabona, n\u00ba14, 4\u00ba-1\u00aa,<\/p>\n\n\n\n<p>08033, Barcelona<\/p>\n\n\n\n<p><a href=\"mailto:lopd@ifeelwood.org\">lopd@ifeelwood.org<\/a><\/p>\n","protected":false},"excerpt":{"rendered":"<p>Cookies sind Dateien, die auf Ihren Computer heruntergeladen werden, wenn Sie auf bestimmte Webseiten zugreifen. [&hellip;]<\/p>\n","protected":false},"author":2,"featured_media":0,"parent":0,"menu_order":0,"comment_status":"closed","ping_status":"closed","template":"","meta":[],"page_template":[66],"acf":[],"yoast_head":"<!-- This site is optimized with the Yoast SEO plugin v19.7.1 - https:\/\/yoast.com\/wordpress\/plugins\/seo\/ -->\n<title>Cookie-richtlinien - I feel wood<\/title>\n<meta name=\"robots\" content=\"index, follow, max-snippet:-1, max-image-preview:large, max-video-preview:-1\" \/>\n<link rel=\"canonical\" href=\"https:\/\/ifeelwood.org\/de\/cookie-richtlinien\/\" \/>\n<meta property=\"og:locale\" content=\"de_DE\" \/>\n<meta property=\"og:type\" content=\"article\" \/>\n<meta property=\"og:title\" content=\"Cookie-richtlinien - I feel wood\" \/>\n<meta property=\"og:description\" content=\"Cookies sind Dateien, die auf Ihren Computer heruntergeladen werden, wenn Sie auf bestimmte Webseiten zugreifen. [&hellip;]\" \/>\n<meta property=\"og:url\" content=\"https:\/\/ifeelwood.org\/de\/cookie-richtlinien\/\" \/>\n<meta property=\"og:site_name\" content=\"I feel wood\" \/>\n<meta property=\"article:modified_time\" content=\"2022-08-04T17:31:01+00:00\" \/>\n<meta name=\"twitter:card\" content=\"summary_large_image\" \/>\n<meta name=\"twitter:label1\" content=\"Gesch\u00e4tzte Lesezeit\" \/>\n\t<meta name=\"twitter:data1\" content=\"4 Minuten\" \/>\n<script type=\"application\/ld+json\" class=\"yoast-schema-graph\">{\"@context\":\"https:\/\/schema.org\",\"@graph\":[{\"@type\":\"WebPage\",\"@id\":\"https:\/\/ifeelwood.org\/de\/cookie-richtlinien\/\",\"url\":\"https:\/\/ifeelwood.org\/de\/cookie-richtlinien\/\",\"name\":\"Cookie-richtlinien - I feel wood\",\"isPartOf\":{\"@id\":\"https:\/\/ifeelwood.org\/#website\"},\"datePublished\":\"2022-08-04T17:23:58+00:00\",\"dateModified\":\"2022-08-04T17:31:01+00:00\",\"breadcrumb\":{\"@id\":\"https:\/\/ifeelwood.org\/de\/cookie-richtlinien\/#breadcrumb\"},\"inLanguage\":\"de-DE\",\"potentialAction\":[{\"@type\":\"ReadAction\",\"target\":[\"https:\/\/ifeelwood.org\/de\/cookie-richtlinien\/\"]}]},{\"@type\":\"BreadcrumbList\",\"@id\":\"https:\/\/ifeelwood.org\/de\/cookie-richtlinien\/#breadcrumb\",\"itemListElement\":[{\"@type\":\"ListItem\",\"position\":1,\"name\":\"Inici\",\"item\":\"https:\/\/ifeelwood.org\/de\/\"},{\"@type\":\"ListItem\",\"position\":2,\"name\":\"Cookie-richtlinien\"}]},{\"@type\":\"WebSite\",\"@id\":\"https:\/\/ifeelwood.org\/#website\",\"url\":\"https:\/\/ifeelwood.org\/\",\"name\":\"I feel wood\",\"description\":\"Original things\",\"potentialAction\":[{\"@type\":\"SearchAction\",\"target\":{\"@type\":\"EntryPoint\",\"urlTemplate\":\"https:\/\/ifeelwood.org\/?s={search_term_string}\"},\"query-input\":\"required name=search_term_string\"}],\"inLanguage\":\"de-DE\"}]}<\/script>\n<!-- \/ Yoast SEO plugin. -->","yoast_head_json":{"title":"Cookie-richtlinien - I feel wood","robots":{"index":"index","follow":"follow","max-snippet":"max-snippet:-1","max-image-preview":"max-image-preview:large","max-video-preview":"max-video-preview:-1"},"canonical":"https:\/\/ifeelwood.org\/de\/cookie-richtlinien\/","og_locale":"de_DE","og_type":"article","og_title":"Cookie-richtlinien - I feel wood","og_description":"Cookies sind Dateien, die auf Ihren Computer heruntergeladen werden, wenn Sie auf bestimmte Webseiten zugreifen. [&hellip;]","og_url":"https:\/\/ifeelwood.org\/de\/cookie-richtlinien\/","og_site_name":"I feel wood","article_modified_time":"2022-08-04T17:31:01+00:00","twitter_card":"summary_large_image","twitter_misc":{"Gesch\u00e4tzte Lesezeit":"4 Minuten"},"schema":{"@context":"https:\/\/schema.org","@graph":[{"@type":"WebPage","@id":"https:\/\/ifeelwood.org\/de\/cookie-richtlinien\/","url":"https:\/\/ifeelwood.org\/de\/cookie-richtlinien\/","name":"Cookie-richtlinien - I feel wood","isPartOf":{"@id":"https:\/\/ifeelwood.org\/#website"},"datePublished":"2022-08-04T17:23:58+00:00","dateModified":"2022-08-04T17:31:01+00:00","breadcrumb":{"@id":"https:\/\/ifeelwood.org\/de\/cookie-richtlinien\/#breadcrumb"},"inLanguage":"de-DE","potentialAction":[{"@type":"ReadAction","target":["https:\/\/ifeelwood.org\/de\/cookie-richtlinien\/"]}]},{"@type":"BreadcrumbList","@id":"https:\/\/ifeelwood.org\/de\/cookie-richtlinien\/#breadcrumb","itemListElement":[{"@type":"ListItem","position":1,"name":"Inici","item":"https:\/\/ifeelwood.org\/de\/"},{"@type":"ListItem","position":2,"name":"Cookie-richtlinien"}]},{"@type":"WebSite","@id":"https:\/\/ifeelwood.org\/#website","url":"https:\/\/ifeelwood.org\/","name":"I feel wood","description":"Original things","potentialAction":[{"@type":"SearchAction","target":{"@type":"EntryPoint","urlTemplate":"https:\/\/ifeelwood.org\/?s={search_term_string}"},"query-input":"required name=search_term_string"}],"inLanguage":"de-DE"}]}},"_links":{"self":[{"href":"https:\/\/ifeelwood.org\/de\/wp-json\/wp\/v2\/pages\/825"}],"collection":[{"href":"https:\/\/ifeelwood.org\/de\/wp-json\/wp\/v2\/pages"}],"about":[{"href":"https:\/\/ifeelwood.org\/de\/wp-json\/wp\/v2\/types\/page"}],"author":[{"embeddable":true,"href":"https:\/\/ifeelwood.org\/de\/wp-json\/wp\/v2\/users\/2"}],"replies":[{"embeddable":true,"href":"https:\/\/ifeelwood.org\/de\/wp-json\/wp\/v2\/comments?post=825"}],"version-history":[{"count":2,"href":"https:\/\/ifeelwood.org\/de\/wp-json\/wp\/v2\/pages\/825\/revisions"}],"predecessor-version":[{"id":831,"href":"https:\/\/ifeelwood.org\/de\/wp-json\/wp\/v2\/pages\/825\/revisions\/831"}],"wp:attachment":[{"href":"https:\/\/ifeelwood.org\/de\/wp-json\/wp\/v2\/media?parent=825"}],"wp:term":[{"taxonomy":"page_template","embeddable":true,"href":"https:\/\/ifeelwood.org\/de\/wp-json\/wp\/v2\/page_template?post=825"}],"curies":[{"name":"wp","href":"https:\/\/api.w.org\/{rel}","templated":true}]}}